{"id":70,"date":"2018-10-08T17:32:09","date_gmt":"2018-10-08T15:32:09","guid":{"rendered":"https:\/\/www.inkluzivnagalerija.rs\/en\/?page_id=70"},"modified":"2025-10-27T12:24:11","modified_gmt":"2025-10-27T10:24:11","slug":"artists","status":"publish","type":"page","link":"https:\/\/www.inkluzivnagalerija.rs\/en\/artists\/","title":{"rendered":"Artists"},"content":{"rendered":"\n<style type=\"text\/css\" data-created_by=\"avia_inline_auto\" id=\"style-css-av-2s9v-79eae3844a2b26757b1037f7b9671c0a\">\n.flex_column.av-2s9v-79eae3844a2b26757b1037f7b9671c0a{\nborder-radius:0px 0px 0px 0px;\npadding:0px 0px 0px 0px;\n}\n<\/style>\n<div  class='flex_column av-2s9v-79eae3844a2b26757b1037f7b9671c0a av_one_full  avia-builder-el-0  el_before_av_one_full  avia-builder-el-first  first flex_column_div av-zero-column-padding  '     ><style type=\"text\/css\" data-created_by=\"avia_inline_auto\" id=\"style-css-av-wlti-7421cb67d1749c5c7170425ffe8f821c\">\n#top .hr.hr-invisible.av-wlti-7421cb67d1749c5c7170425ffe8f821c{\nheight:50px;\n}\n<\/style>\n<div  class='hr av-wlti-7421cb67d1749c5c7170425ffe8f821c hr-invisible  avia-builder-el-1  avia-builder-el-no-sibling '><span class='hr-inner '><span class=\"hr-inner-style\"><\/span><\/span><\/div><\/div>\n\n<style type=\"text\/css\" data-created_by=\"avia_inline_auto\" id=\"style-css-av-2s9v-2-db78bcee4e8c687a21af0967707b954d\">\n.flex_column.av-2s9v-2-db78bcee4e8c687a21af0967707b954d{\nborder-radius:0px 0px 0px 0px;\npadding:0px 0px 0px 0px;\n}\n<\/style>\n<div  class='flex_column av-2s9v-2-db78bcee4e8c687a21af0967707b954d av_one_full  avia-builder-el-2  el_after_av_one_full  el_before_av_one_half  first flex_column_div av-zero-column-padding  column-top-margin'     ><p>\n<style type=\"text\/css\" data-created_by=\"avia_inline_auto\" id=\"style-css-av-z942-32ae07a5abb937a9c7e341de8f392d0d\">\n#top .av-special-heading.av-z942-32ae07a5abb937a9c7e341de8f392d0d{\npadding-bottom:10px;\n}\nbody .av-special-heading.av-z942-32ae07a5abb937a9c7e341de8f392d0d .av-special-heading-tag .heading-char{\nfont-size:25px;\n}\n.av-special-heading.av-z942-32ae07a5abb937a9c7e341de8f392d0d .av-subheading{\nfont-size:15px;\n}\n<\/style>\n<div  class='av-special-heading av-z942-32ae07a5abb937a9c7e341de8f392d0d av-special-heading-h1  avia-builder-el-3  el_before_av_hr  avia-builder-el-first  av-linked-heading'><h1 class='av-special-heading-tag '  itemprop=\"headline\"  >Artists<\/h1><div class=\"special-heading-border\"><div class=\"special-heading-inner-border\"><\/div><\/div><\/div><br \/>\n\n<style type=\"text\/css\" data-created_by=\"avia_inline_auto\" id=\"style-css-av-wlti-1-2c409a954e4100ff7abecb4e79418237\">\n#top .hr.hr-invisible.av-wlti-1-2c409a954e4100ff7abecb4e79418237{\nheight:50px;\n}\n<\/style>\n<div  class='hr av-wlti-1-2c409a954e4100ff7abecb4e79418237 hr-invisible  avia-builder-el-4  el_after_av_heading  avia-builder-el-last '><span class='hr-inner '><span class=\"hr-inner-style\"><\/span><\/span><\/div><\/p><\/div>\n\n<style type=\"text\/css\" data-created_by=\"avia_inline_auto\" id=\"style-css-av-2ltiu-008bc5107e5f7b2834b48b7928ffee00\">\n.flex_column.av-2ltiu-008bc5107e5f7b2834b48b7928ffee00{\nborder-radius:0px 0px 0px 0px;\npadding:0px 0px 0px 0px;\n}\n<\/style>\n<div  class='flex_column av-2ltiu-008bc5107e5f7b2834b48b7928ffee00 av_one_half  avia-builder-el-5  el_after_av_one_full  el_before_av_one_half  first flex_column_div av-zero-column-padding  column-top-margin'     ><style type=\"text\/css\" data-created_by=\"avia_inline_auto\" id=\"style-css-av-jn4ura08-8ddbeba22d869bc7f4dfe36621cfeed7\">\n#top .av_textblock_section.av-jn4ura08-8ddbeba22d869bc7f4dfe36621cfeed7 .avia_textblock{\nfont-size:18px;\n}\n<\/style>\n<section  class='av_textblock_section av-jn4ura08-8ddbeba22d869bc7f4dfe36621cfeed7 '   itemscope=\"itemscope\" itemtype=\"https:\/\/schema.org\/CreativeWork\" ><div class='avia_textblock'  itemprop=\"text\" ><p style=\"text-align: left;\">Names of artists whose work promotes the project Inclusive Gallery. Artists who seek to eliminate prejudice in the understanding disabilities which are rooted into society and which also influence the field of art.<\/p>\n<\/div><\/section><br \/>\n\n<style type=\"text\/css\" data-created_by=\"avia_inline_auto\" id=\"style-css-av-lc4q9nug-dfe8e078f35dc7af83163bb167fee4e8\">\n#top .av_textblock_section.av-lc4q9nug-dfe8e078f35dc7af83163bb167fee4e8 .avia_textblock{\nfont-size:22px;\n}\n<\/style>\n<section  class='av_textblock_section av-lc4q9nug-dfe8e078f35dc7af83163bb167fee4e8 '   itemscope=\"itemscope\" itemtype=\"https:\/\/schema.org\/CreativeWork\" ><div class='avia_textblock'  itemprop=\"text\" ><p><strong><a href=\"https:\/\/www.inkluzivnagalerija.rs\/media\/Tijana-Jevric-biografija.pdf\" target=\"_blank\" rel=\"noopener\">Tijana Jevri\u0107<\/a><\/strong><br \/>\n<strong> <a href=\"https:\/\/milastojanovic.nicepage.io\/Home\" target=\"_blank\" rel=\"noopener\">Mila Stojanovi\u0107<\/a><\/strong><br \/>\n<strong> <a href=\"https:\/\/milicadukic.wordpress.com\/\" target=\"_blank\" rel=\"noopener\">Milica Duki\u0107<\/a><\/strong><br \/>\n<strong> <a href=\"https:\/\/www.youtube.com\/watch?v=sFNeUOfdK_A\" target=\"_blank\" rel=\"noopener\">Dragana Kupre\u0161anin<\/a> (<a href=\"https:\/\/www.facebook.com\/Zaduzbina.Ilije.M.Kolarca\/videos\/dragana-kupre%C5%A1anin-nevidljivi-talas-kolarac-galerija-izlozba-draganakupresanin-n\/284126876093648\/\" target=\"_blank\" rel=\"noopener\">Facebook<\/a>)<\/strong><br \/>\n<strong> <a href=\"https:\/\/drive.google.com\/drive\/folders\/1EXvyU1lv0ZkA9McMPvCcgNjFkicfN_Qq\" target=\"_blank\" rel=\"noopener\">Konstantin \u0110uri\u010dkovi\u0107<\/a><\/strong><br \/>\n<strong> <a href=\"https:\/\/vanjanovakovic.com\/\" target=\"_blank\" rel=\"noopener\">Vanja Novakovi\u0107<\/a><\/strong><br \/>\n<strong> <a href=\"https:\/\/www.behance.net\/valentiktadc52\/info\">Tanja Valen\u0107ik<\/a><\/strong><br \/>\n<strong> <a href=\"https:\/\/www.behance.net\/komadinaas6619\/moodboards\" target=\"_blank\" rel=\"noopener\">Asja Komadina<\/a><\/strong><br \/>\n<strong> <a href=\"https:\/\/www.jelenagajinovic.com\/\">Jelena Gajinovi\u0107<\/a><\/strong><br \/>\n<strong> <a href=\"https:\/\/www.behance.net\/JovanaMilosavljevic\" target=\"_blank\" rel=\"noopener\">Jovana Milosavljevi\u0107<\/a><\/strong><br \/>\n<strong> <a href=\"https:\/\/lavkovac.com\/\">Lav Kova\u010d<\/a><\/strong><br \/>\n<strong> <a href=\"https:\/\/markokacanski.com\/\">Marko Ka\u0107anski<\/a><\/strong><br \/>\n<strong> <a href=\"https:\/\/sokzadruga.com\/\">\u0160ok zadruga<\/a><\/strong><\/p>\n<\/div><\/section><br \/>\n\n<style type=\"text\/css\" data-created_by=\"avia_inline_auto\" id=\"style-css-av-2cmky-7ec3779a641eb06a07a7840549598712\">\n#top .hr.hr-invisible.av-2cmky-7ec3779a641eb06a07a7840549598712{\nheight:50px;\n}\n<\/style>\n<div  class='hr av-2cmky-7ec3779a641eb06a07a7840549598712 hr-invisible  avia-builder-el-8  el_after_av_textblock  el_before_av_textblock '><span class='hr-inner '><span class=\"hr-inner-style\"><\/span><\/span><\/div><br \/>\n\n<style type=\"text\/css\" data-created_by=\"avia_inline_auto\" id=\"style-css-av-1y1qi-b00c21b9aaa3ffb0b1a0ab7d9727ee91\">\n#top .av_textblock_section.av-1y1qi-b00c21b9aaa3ffb0b1a0ab7d9727ee91 .avia_textblock{\nfont-size:22px;\n}\n<\/style>\n<section  class='av_textblock_section av-1y1qi-b00c21b9aaa3ffb0b1a0ab7d9727ee91 '   itemscope=\"itemscope\" itemtype=\"https:\/\/schema.org\/CreativeWork\" ><div class='avia_textblock'  itemprop=\"text\" ><p style=\"text-align: left;\">The project \u201c<strong><a href=\"https:\/\/www.inkluzivnagalerija.rs\/en\/art-as-a-vocation\/\">Art as a Vocation<\/a><\/strong>\u201d is intended to promote and increase the visibility of the artwork of six young artists with disabilities who have chosen art as their life-long vocation.<\/p>\n<\/div><\/section><br \/>\n\n<style type=\"text\/css\" data-created_by=\"avia_inline_auto\" id=\"style-css-av-1g09y-6f5915df835bf0c6ab65aed55b72d71c\">\n#top .av_textblock_section.av-1g09y-6f5915df835bf0c6ab65aed55b72d71c .avia_textblock{\nfont-size:22px;\n}\n<\/style>\n<section  class='av_textblock_section av-1g09y-6f5915df835bf0c6ab65aed55b72d71c '   itemscope=\"itemscope\" itemtype=\"https:\/\/schema.org\/CreativeWork\" ><div class='avia_textblock'  itemprop=\"text\" ><p><strong><a title=\"Marko Krasula\" href=\"https:\/\/www.inkluzivnagalerija.rs\/en\/art-as-a-vocation\/marko-krasula\/\" data-wpel-link=\"internal\">Marko Krasula<\/a><\/strong><br \/>\n<strong> <a title=\"Jelena Damnjanovi\u0107\" href=\"https:\/\/www.inkluzivnagalerija.rs\/en\/art-as-a-vocation\/jelena-damnjanovic\/\" data-wpel-link=\"internal\">Jelena Damnjanovi\u0107<\/a><\/strong><br \/>\n<strong> <a title=\"Marko Ro\u0161ulov\" href=\"https:\/\/www.inkluzivnagalerija.rs\/en\/art-as-a-vocation\/marko-rosulov\/\" data-wpel-link=\"internal\">Marko Ro\u0161ulov<\/a><\/strong><br \/>\n<strong> <a title=\"Mihailo Petrovi\u0107\" href=\"https:\/\/www.inkluzivnagalerija.rs\/en\/art-as-a-vocation\/mihailo-petrovic\/\" data-wpel-link=\"internal\">Mihailo Petrovi\u0107<\/a><\/strong><br \/>\n<strong> <a title=\"Darije Lajter\" href=\"https:\/\/www.inkluzivnagalerija.rs\/en\/art-as-a-vocation\/darie-lajter\/\" data-wpel-link=\"internal\">Darie Lajter<\/a><\/strong><br \/>\n<strong> <a title=\"Lazar Arsenin\" href=\"https:\/\/www.inkluzivnagalerija.rs\/en\/art-as-a-vocation\/lazar-arsenin\/\" data-wpel-link=\"internal\">Lazar Arsenin<\/a><\/strong><br \/>\n<strong> <a title=\"Machine Workshop\" href=\"https:\/\/www.inkluzivnagalerija.rs\/en\/art-as-a-vocation\/machine-workshop\/\" data-wpel-link=\"internal\">Machine Workshop<\/a><\/strong><br \/>\n<strong> <a title=\"Kolekcija radova Dnevnog boravka\" href=\"https:\/\/www.inkluzivnagalerija.rs\/en\/art-as-a-vocation\/day-care-centers-art-collection\/\" data-wpel-link=\"internal\">Day Care Center\u2019s Art Collection<\/a><\/strong><\/p>\n<\/div><\/section><br \/>\n\n<style type=\"text\/css\" data-created_by=\"avia_inline_auto\" id=\"style-css-av-sth6-dd51a350eecdcd692c10f7051a980557\">\n#top .hr.hr-invisible.av-sth6-dd51a350eecdcd692c10f7051a980557{\nheight:50px;\n}\n<\/style>\n<div  class='hr av-sth6-dd51a350eecdcd692c10f7051a980557 hr-invisible  avia-builder-el-11  el_after_av_textblock  avia-builder-el-last '><span class='hr-inner '><span class=\"hr-inner-style\"><\/span><\/span><\/div><\/p><\/div>\n<style type=\"text\/css\" data-created_by=\"avia_inline_auto\" id=\"style-css-av-1r1t2-e73a67df5bc85dbc02e689a03d2c9684\">\n.flex_column.av-1r1t2-e73a67df5bc85dbc02e689a03d2c9684{\nborder-radius:0px 0px 0px 0px;\npadding:0px 0px 0px 0px;\n}\n<\/style>\n<div  class='flex_column av-1r1t2-e73a67df5bc85dbc02e689a03d2c9684 av_one_half  avia-builder-el-12  el_after_av_one_half  avia-builder-el-last  flex_column_div av-zero-column-padding  column-top-margin'     ><style type=\"text\/css\" data-created_by=\"avia_inline_auto\" id=\"style-css-av-lc4q18lx-5d893aa8a99532c172650a1fca4687f9\">\n#top .av_textblock_section.av-lc4q18lx-5d893aa8a99532c172650a1fca4687f9 .avia_textblock{\nfont-size:22px;\n}\n<\/style>\n<section  class='av_textblock_section av-lc4q18lx-5d893aa8a99532c172650a1fca4687f9 '   itemscope=\"itemscope\" itemtype=\"https:\/\/schema.org\/CreativeWork\" ><div class='avia_textblock'  itemprop=\"text\" ><p style=\"text-align: left;\">The participants of the project &#8220;<a href=\"https:\/\/www.inkluzivnagalerija.rs\/en\/collection\/project-inclusive-dialogue-the-city-and-me\/\">Inclusive Dialogue &#8211; the City and Me<\/a>&#8221; are artists with disabilities who attend the \u0160OSO &#8220;Milan Petrovi\u0107&#8221; \u00a0Day Care Center \u2013 located and tucked away in the city center in Jevrejska Street.\u00a0 Situated in the immediate surroundings of famous city landmarks and motifs (The Danube Park, Petrovaradin Fortress, Monuments to Svetozar Mileti\u0107 and King Peter&#8230;), the authors complement each other in a visual narrative directed by artist Dejan Jankov.<\/p>\n<\/div><\/section><br \/>\n\n<style type=\"text\/css\" data-created_by=\"avia_inline_auto\" id=\"style-css-av-lqh3xjqx-ebe108fc802e37ace35aafa9427575e8\">\n.avia-image-container.av-lqh3xjqx-ebe108fc802e37ace35aafa9427575e8 img.avia_image{\nbox-shadow:none;\n}\n.avia-image-container.av-lqh3xjqx-ebe108fc802e37ace35aafa9427575e8 .av-image-caption-overlay-center{\ncolor:#ffffff;\n}\n<\/style>\n<div  class='avia-image-container av-lqh3xjqx-ebe108fc802e37ace35aafa9427575e8 av-styling- av-img-linked avia-align-center  avia-builder-el-14  el_after_av_textblock  el_before_av_textblock '   itemprop=\"image\" itemscope=\"itemscope\" itemtype=\"https:\/\/schema.org\/ImageObject\" ><div class=\"avia-image-container-inner\"><div class=\"avia-image-overlay-wrap\"><a href=\"https:\/\/www.inkluzivnagalerija.rs\/en\/media\/Projekat-\u201eInkluzivni-dijalog-\u2013-grad-i-ja-autori-1030x773.jpg\" data-srcset=\"https:\/\/www.inkluzivnagalerija.rs\/en\/media\/Projekat-\u201eInkluzivni-dijalog-\u2013-grad-i-ja-autori-1030x773.jpg 1030w, https:\/\/www.inkluzivnagalerija.rs\/en\/media\/Projekat-\u201eInkluzivni-dijalog-\u2013-grad-i-ja-autori-300x225.jpg 300w, https:\/\/www.inkluzivnagalerija.rs\/en\/media\/Projekat-\u201eInkluzivni-dijalog-\u2013-grad-i-ja-autori-768x576.jpg 768w, https:\/\/www.inkluzivnagalerija.rs\/en\/media\/Projekat-\u201eInkluzivni-dijalog-\u2013-grad-i-ja-autori-705x529.jpg 705w, https:\/\/www.inkluzivnagalerija.rs\/en\/media\/Projekat-\u201eInkluzivni-dijalog-\u2013-grad-i-ja-autori.jpg 1280w\" data-sizes=\"(max-width: 1030px) 100vw, 1030px\" class='avia_image '  aria-label='Project &quot;Inclusive Dialogue - the City and Me&quot; - Artists'><img decoding=\"async\" fetchpriority=\"high\" class='wp-image-902 avia-img-lazy-loading-not-902 avia_image ' src=\"https:\/\/www.inkluzivnagalerija.rs\/en\/media\/Projekat-\u201eInkluzivni-dijalog-\u2013-grad-i-ja-autori.jpg\" alt='Project &quot;Inclusive Dialogue - the City and Me&quot; - Artists' title='Project &quot;Inclusive Dialogue - the City and Me&quot; - Artists'  height=\"960\" width=\"1280\"  itemprop=\"thumbnailUrl\" srcset=\"https:\/\/www.inkluzivnagalerija.rs\/en\/media\/Projekat-\u201eInkluzivni-dijalog-\u2013-grad-i-ja-autori.jpg 1280w, https:\/\/www.inkluzivnagalerija.rs\/en\/media\/Projekat-\u201eInkluzivni-dijalog-\u2013-grad-i-ja-autori-300x225.jpg 300w, https:\/\/www.inkluzivnagalerija.rs\/en\/media\/Projekat-\u201eInkluzivni-dijalog-\u2013-grad-i-ja-autori-1030x773.jpg 1030w, https:\/\/www.inkluzivnagalerija.rs\/en\/media\/Projekat-\u201eInkluzivni-dijalog-\u2013-grad-i-ja-autori-768x576.jpg 768w, https:\/\/www.inkluzivnagalerija.rs\/en\/media\/Projekat-\u201eInkluzivni-dijalog-\u2013-grad-i-ja-autori-705x529.jpg 705w\" sizes=\"(max-width: 1280px) 100vw, 1280px\" \/><\/a><\/div><\/div><\/div><br \/>\n\n<style type=\"text\/css\" data-created_by=\"avia_inline_auto\" id=\"style-css-av-lqh3vtz9-f00e0eadbc577c5ecad36385c87fd172\">\n#top .av_textblock_section.av-lqh3vtz9-f00e0eadbc577c5ecad36385c87fd172 .avia_textblock{\nfont-size:22px;\n}\n<\/style>\n<section  class='av_textblock_section av-lqh3vtz9-f00e0eadbc577c5ecad36385c87fd172 '   itemscope=\"itemscope\" itemtype=\"https:\/\/schema.org\/CreativeWork\" ><div class='avia_textblock'  itemprop=\"text\" ><p>The authors of the pictures are: <strong>Dragan Marjanovi\u0107<\/strong>, <strong>Milo\u0161 Kosti\u0107<\/strong>, <strong>Milo\u0161 \u0160imle\u0161a<\/strong>, <strong>Josip Juri\u0161i\u0107<\/strong>, <strong>Dragana Dejan<\/strong>, <strong>Aleksandra \u0106irakovi\u0107<\/strong>, <strong>Borivoje Blanu\u0161a<\/strong> and <strong>Boris Novkovi\u0107<\/strong>.<\/p>\n<\/div><\/section><br \/>\n\n<style type=\"text\/css\" data-created_by=\"avia_inline_auto\" id=\"style-css-av-pzmi-08a0edd222f37ebf75699388e860f874\">\n#top .hr.hr-invisible.av-pzmi-08a0edd222f37ebf75699388e860f874{\nheight:50px;\n}\n<\/style>\n<div  class='hr av-pzmi-08a0edd222f37ebf75699388e860f874 hr-invisible  avia-builder-el-16  el_after_av_textblock  avia-builder-el-last '><span class='hr-inner '><span class=\"hr-inner-style\"><\/span><\/span><\/div><\/p><\/div><\/p>\n","protected":false},"excerpt":{"rendered":"","protected":false},"author":1,"featured_media":0,"parent":0,"menu_order":0,"comment_status":"closed","ping_status":"closed","template":"","meta":{"footnotes":""},"categories":[],"tags":[],"class_list":["post-70","page","type-page","status-publish","hentry"],"yoast_head":"<!-- This site is optimized with the Yoast SEO plugin v26.4 - https:\/\/yoast.com\/wordpress\/plugins\/seo\/ -->\n<title>Artists - Inclusive Gallery<\/title>\n<meta name=\"robots\" content=\"index, follow, max-snippet:-1, max-image-preview:large, max-video-preview:-1\" \/>\n<link rel=\"canonical\" href=\"https:\/\/www.inkluzivnagalerija.rs\/en\/artists\/\" \/>\n<meta property=\"og:locale\" content=\"en_US\" \/>\n<meta property=\"og:type\" content=\"article\" \/>\n<meta property=\"og:title\" content=\"Artists - Inclusive Gallery\" \/>\n<meta property=\"og:url\" content=\"https:\/\/www.inkluzivnagalerija.rs\/en\/artists\/\" \/>\n<meta property=\"og:site_name\" content=\"Inclusive Gallery\" \/>\n<meta property=\"article:modified_time\" content=\"2025-10-27T10:24:11+00:00\" \/>\n<meta name=\"twitter:card\" content=\"summary_large_image\" \/>\n<meta name=\"twitter:label1\" content=\"Est. reading time\" \/>\n\t<meta name=\"twitter:data1\" content=\"2 minutes\" \/>\n<script type=\"application\/ld+json\" class=\"yoast-schema-graph\">{\"@context\":\"https:\/\/schema.org\",\"@graph\":[{\"@type\":\"WebPage\",\"@id\":\"https:\/\/www.inkluzivnagalerija.rs\/en\/artists\/\",\"url\":\"https:\/\/www.inkluzivnagalerija.rs\/en\/artists\/\",\"name\":\"Artists - Inclusive Gallery\",\"isPartOf\":{\"@id\":\"https:\/\/www.inkluzivnagalerija.rs\/en\/#website\"},\"datePublished\":\"2018-10-08T15:32:09+00:00\",\"dateModified\":\"2025-10-27T10:24:11+00:00\",\"breadcrumb\":{\"@id\":\"https:\/\/www.inkluzivnagalerija.rs\/en\/artists\/#breadcrumb\"},\"inLanguage\":\"en-US\",\"potentialAction\":[{\"@type\":\"ReadAction\",\"target\":[\"https:\/\/www.inkluzivnagalerija.rs\/en\/artists\/\"]}]},{\"@type\":\"BreadcrumbList\",\"@id\":\"https:\/\/www.inkluzivnagalerija.rs\/en\/artists\/#breadcrumb\",\"itemListElement\":[{\"@type\":\"ListItem\",\"position\":1,\"name\":\"Home\",\"item\":\"https:\/\/www.inkluzivnagalerija.rs\/en\/inclusive-gallery-and-accessible-gallery-spaces-and-facilities\/\"},{\"@type\":\"ListItem\",\"position\":2,\"name\":\"Artists\"}]},{\"@type\":\"WebSite\",\"@id\":\"https:\/\/www.inkluzivnagalerija.rs\/en\/#website\",\"url\":\"https:\/\/www.inkluzivnagalerija.rs\/en\/\",\"name\":\"Inclusive Gallery\",\"description\":\"Broader accessibility to contemporary art for people with disabilities\",\"potentialAction\":[{\"@type\":\"SearchAction\",\"target\":{\"@type\":\"EntryPoint\",\"urlTemplate\":\"https:\/\/www.inkluzivnagalerija.rs\/en\/?s={search_term_string}\"},\"query-input\":{\"@type\":\"PropertyValueSpecification\",\"valueRequired\":true,\"valueName\":\"search_term_string\"}}],\"inLanguage\":\"en-US\"}]}<\/script>\n<!-- \/ Yoast SEO plugin. -->","yoast_head_json":{"title":"Artists - Inclusive Gallery","robots":{"index":"index","follow":"follow","max-snippet":"max-snippet:-1","max-image-preview":"max-image-preview:large","max-video-preview":"max-video-preview:-1"},"canonical":"https:\/\/www.inkluzivnagalerija.rs\/en\/artists\/","og_locale":"en_US","og_type":"article","og_title":"Artists - Inclusive Gallery","og_url":"https:\/\/www.inkluzivnagalerija.rs\/en\/artists\/","og_site_name":"Inclusive Gallery","article_modified_time":"2025-10-27T10:24:11+00:00","twitter_card":"summary_large_image","twitter_misc":{"Est. reading time":"2 minutes"},"schema":{"@context":"https:\/\/schema.org","@graph":[{"@type":"WebPage","@id":"https:\/\/www.inkluzivnagalerija.rs\/en\/artists\/","url":"https:\/\/www.inkluzivnagalerija.rs\/en\/artists\/","name":"Artists - Inclusive Gallery","isPartOf":{"@id":"https:\/\/www.inkluzivnagalerija.rs\/en\/#website"},"datePublished":"2018-10-08T15:32:09+00:00","dateModified":"2025-10-27T10:24:11+00:00","breadcrumb":{"@id":"https:\/\/www.inkluzivnagalerija.rs\/en\/artists\/#breadcrumb"},"inLanguage":"en-US","potentialAction":[{"@type":"ReadAction","target":["https:\/\/www.inkluzivnagalerija.rs\/en\/artists\/"]}]},{"@type":"BreadcrumbList","@id":"https:\/\/www.inkluzivnagalerija.rs\/en\/artists\/#breadcrumb","itemListElement":[{"@type":"ListItem","position":1,"name":"Home","item":"https:\/\/www.inkluzivnagalerija.rs\/en\/inclusive-gallery-and-accessible-gallery-spaces-and-facilities\/"},{"@type":"ListItem","position":2,"name":"Artists"}]},{"@type":"WebSite","@id":"https:\/\/www.inkluzivnagalerija.rs\/en\/#website","url":"https:\/\/www.inkluzivnagalerija.rs\/en\/","name":"Inclusive Gallery","description":"Broader accessibility to contemporary art for people with disabilities","potentialAction":[{"@type":"SearchAction","target":{"@type":"EntryPoint","urlTemplate":"https:\/\/www.inkluzivnagalerija.rs\/en\/?s={search_term_string}"},"query-input":{"@type":"PropertyValueSpecification","valueRequired":true,"valueName":"search_term_string"}}],"inLanguage":"en-US"}]}},"_links":{"self":[{"href":"https:\/\/www.inkluzivnagalerija.rs\/en\/wp-json\/wp\/v2\/pages\/70","targetHints":{"allow":["GET"]}}],"collection":[{"href":"https:\/\/www.inkluzivnagalerija.rs\/en\/wp-json\/wp\/v2\/pages"}],"about":[{"href":"https:\/\/www.inkluzivnagalerija.rs\/en\/wp-json\/wp\/v2\/types\/page"}],"author":[{"embeddable":true,"href":"https:\/\/www.inkluzivnagalerija.rs\/en\/wp-json\/wp\/v2\/users\/1"}],"replies":[{"embeddable":true,"href":"https:\/\/www.inkluzivnagalerija.rs\/en\/wp-json\/wp\/v2\/comments?post=70"}],"version-history":[{"count":5,"href":"https:\/\/www.inkluzivnagalerija.rs\/en\/wp-json\/wp\/v2\/pages\/70\/revisions"}],"predecessor-version":[{"id":929,"href":"https:\/\/www.inkluzivnagalerija.rs\/en\/wp-json\/wp\/v2\/pages\/70\/revisions\/929"}],"wp:attachment":[{"href":"https:\/\/www.inkluzivnagalerija.rs\/en\/wp-json\/wp\/v2\/media?parent=70"}],"wp:term":[{"taxonomy":"category","embeddable":true,"href":"https:\/\/www.inkluzivnagalerija.rs\/en\/wp-json\/wp\/v2\/categories?post=70"},{"taxonomy":"post_tag","embeddable":true,"href":"https:\/\/www.inkluzivnagalerija.rs\/en\/wp-json\/wp\/v2\/tags?post=70"}],"curies":[{"name":"wp","href":"https:\/\/api.w.org\/{rel}","templated":true}]}}