{"id":3,"date":"2018-09-28T08:42:24","date_gmt":"2018-09-28T06:42:24","guid":{"rendered":"https:\/\/inkluzivnagalerija.rs\/?page_id=3"},"modified":"2019-02-11T17:02:15","modified_gmt":"2019-02-11T15:02:15","slug":"privacy-policy","status":"publish","type":"page","link":"https:\/\/www.inkluzivnagalerija.rs\/en\/privacy-policy\/","title":{"rendered":"Privacy Policy"},"content":{"rendered":"\n<style type=\"text\/css\" data-created_by=\"avia_inline_auto\" id=\"style-css-av-jnblundp-4a8346a05c56d0d24789f7a0608086f9\">\n#top .av-special-heading.av-jnblundp-4a8346a05c56d0d24789f7a0608086f9{\npadding-bottom:10px;\n}\nbody .av-special-heading.av-jnblundp-4a8346a05c56d0d24789f7a0608086f9 .av-special-heading-tag .heading-char{\nfont-size:25px;\n}\n.av-special-heading.av-jnblundp-4a8346a05c56d0d24789f7a0608086f9 .av-subheading{\nfont-size:15px;\n}\n<\/style>\n<div  class='av-special-heading av-jnblundp-4a8346a05c56d0d24789f7a0608086f9 av-special-heading-h1  avia-builder-el-0  el_before_av_textblock  avia-builder-el-first '><h1 class='av-special-heading-tag '  itemprop=\"headline\"  >Politika privatnosti<\/h1><div class=\"special-heading-border\"><div class=\"special-heading-inner-border\"><\/div><\/div><\/div>\n<section  class='av_textblock_section av-jnbl8gcm-d167ede1ff4d381f8b6cd0d9b3aa41b0 '   itemscope=\"itemscope\" itemtype=\"https:\/\/schema.org\/CreativeWork\" ><div class='avia_textblock'  itemprop=\"text\" ><p>Ova stranica obja\u0161njava upotrebu kola\u010di\u0107a (cookies) na ovom sajtu i politiku privatnosti. Ukoliko nastavite sa kori\u0161\u0107enjem ovog sajta, saglasni ste sa na\u0161om upotrebom kola\u010di\u0107a i politikom privatnosti.<\/p>\n<h2>\u0160ta su kola\u010di\u0107i<\/h2>\n<p>Kola\u010di\u0107i su male datoteke koje su uskladi\u0161tene na va\u0161em ra\u010dunaru pomo\u0107u web pretra\u017eiva\u010da (kao \u0161to su Internet Explorer ili Firefox) na zahtev sajta koji pregledate. To omogu\u0107ava sajtu koji pregledate da zapamti stvari o vama, kao \u0161to su va\u0161a pode\u0161avanja koja ste postavili na sajtu i istoriju pregleda stranica ili da zapamti va\u0161u prijavu.<\/p>\n<p>Kola\u010di\u0107i mogu biti uskladi\u0161teni na va\u0161em ra\u010dunaru na kratak period (na primer, neki su uskladi\u0161teni samo dok vam je web pretra\u017eiva\u010d otvoren) ili na du\u017ei period, \u010dak i godinama. Kola\u010di\u0107i koji nisu uskladi\u0161teni od ovog sajta nisu nam dostupni.<\/p>\n<h2>Na\u0161a upotreba kola\u010di\u0107a<\/h2>\n<p>Ovaj sajt koristi kola\u010di\u0107e u razne svrhe, a najva\u017enije su:<\/p>\n<p>Analitika. To nam omogu\u0107ava da utvrdimo kako posetioci koriste ovaj sajt radi njegovog unapre\u0111enja.<br \/>\nKola\u010di\u0107i za ogla\u0161avanje (verovatno tre\u0107ih lica). Ako ovaj sajt prikazuje reklame, kola\u010di\u0107i se mogu postaviti od strane ogla\u0161iva\u010da kako bi se utvrdilo ko je pregledao oglase ili ne\u0161to sli\u010dno. Ovi kola\u010di\u0107i mogu se postaviti od strane tre\u0107ih lica i u tom slu\u010daju ovaj sajt nema sposobnost za \u010ditanje i pisanje tih kola\u010di\u0107a.<br \/>\nOstali kola\u010di\u0107i tre\u0107ih lica za stvari kao \u0161to su Facebook ili Twitter deljenje. Ovi kola\u010di\u0107i uglavnom \u0107e biti postavljeni od strane tre\u0107ih lica nezavisno, tako da ovaj sajt nema mogu\u0107nost za \u010ditanje ili pisanje istih.<\/p>\n<h2>Uklanjanje\/Onemogu\u0107avanje kola\u010di\u0107a<\/h2>\n<p>Kontrolom i pode\u0161avanjem kola\u010di\u0107a upravlja se u va\u0161em web pretra\u017eiva\u010du. Ispod se nalazi spisak uputstava o tome kako to u\u010diniti u nekim od najpopularnijih web pretra\u017eiva\u010da:<\/p>\n<ul>\n<li><a href=\"http:\/\/windows.microsoft.com\/en-US\/internet-explorer\/delete-manage-cookies\" target=\"_blank\" rel=\"noopener\">Internet Explorer ili Mcrosoft Edge<\/a><\/li>\n<li><a href=\"http:\/\/support.mozilla.org\/kb\/cookies-information-websites-store-on-your-computer\" target=\"_blank\" rel=\"noopener\">Firefox<\/a><\/li>\n<li><a href=\"https:\/\/support.google.com\/chrome\/answer\/95647?hl=en\" target=\"_blank\" rel=\"noopener\">Chrome<\/a><\/li>\n<li><a href=\"http:\/\/support.apple.com\/kb\/PH17191\" target=\"_blank\" rel=\"noopener\">Safari<\/a><\/li>\n<li><a href=\"http:\/\/www.opera.com\/help\/tutorials\/security\/privacy\/\" target=\"_blank\" rel=\"noopener\">Opera<\/a><\/li>\n<\/ul>\n<h2>Politika privatnosti<\/h2>\n<p>Ova politika privatnosti ure\u0111uje kako www.inkluzivnagalerija.rs\/en sajt prikuplja, koristi i \u0161titi sve informacije koje ste dali.<\/p>\n<p>www.inkluzivnagalerija.rs\/en sajt je posve\u0107en tome da Va\u0161a privatnost je za\u0161ti\u0107ena. Bilo koje informacije pridobijene od Vas, kojim mo\u017eete biti identifikovani, koristi\u0107e se u skladu sa ovom politikom privatnosti.<\/p>\n<p>www.inkluzivnagalerija.rs\/en sajt mo\u017ee promeniti politiku privatnosti kada je to neophodno. Du\u017eni ste da proverite ovu Politiku privatnosti periodi\u010dno kako bi se osiguralo da se sla\u017eete sa svim eventualnim promenama. Ukoliko niste saglasni sa politikom privatnosti ili sa izvr\u0161enim promenama, molimo Vas da ne pose\u0107ujete ovaj sajt.<\/p>\n<h2>Koje informacije prikupljamo<\/h2>\n<p>Prilikom slanja upita na www.inkluzivnagalerija.rs\/en sajtu, od Vas se jedino zahteva da dostavite ispravnu email adresu i ime. Va\u0161e ime i email adresa dostupna samo administratoru www.inkluzivnagalerija.rs\/en sajta i redakciji sajta\u00a0www.inkluzivnagalerija.rs\/en i ona nije vidljiva za druge korisnike ili posetioce sajta.<\/p>\n<h2>\u0160ta radimo sa informacijama koje ste obavezni da nam dostavite<\/h2>\n<p>Dostavljanje ispravne email adrese ili broja telefona\u00a0 sajtu potrebna je iz slede\u0107ih razloga:<\/p>\n<ul>\n<li>Kako bi smo Vam odgovorili na pitanje sa stranice\u00a0www.inkluzivnagalerija.rs\/en\/kontakt\/<\/li>\n<li>Slanje obave\u0161tenja putem email-a o progamima i novostima.<\/li>\n<\/ul>\n<h2>Bezbednost<\/h2>\n<p>Mi smo posve\u0107eni da informacije koje dostavite www.inkluzivnagalerija.rs\/en, a to su Va\u0161i podaci budu bezbedni u smislu onemogu\u0107avanja neovla\u0161\u0107enog pristupa\u00a0 radi zloupotrebe.<\/p>\n<h2>\u0160ta radimo sa informacijama koje prikupljamo<\/h2>\n<p>Sve ostale informacije tokom kori\u0161\u0107enja sajta koje mo\u017eete dostaviti nisu obavezne i kao takve nismo u obavezi da \u0161titimo. Te informacije mogu biti:<\/p>\n<ul>\n<li>datum Va\u0161eg ro\u0111enja<\/li>\n<li>Va\u0161 pol<\/li>\n<li>mesto ili zemlja u kojoj boravite<\/li>\n<li>Va\u0161a interesovanja<\/li>\n<li>informacije o Va\u0161im nalozima na dru\u0161tvenim mre\u017eama ili dodatnim Internet kontaktima<\/li>\n<\/ul>\n<p>Pored toga, prikupljamo neke ili sve od slede\u0107ih informacija od Va\u0161eg ra\u010dunara:<\/p>\n<ul>\n<li>Internet protokol (IP) adresa<\/li>\n<li>geografska lokacija<\/li>\n<li>tip veb pregleda\u010da i verzija<\/li>\n<li>operativni sistem<\/li>\n<li>du\u017eina posete, pregled stranica i bilo koje druge srodne aktivnosti pregledanja na\u0161eg sajta<\/li>\n<\/ul>\n<p>Ove informacije koriste se isklju\u010divo u statisti\u010dke svrhe pose\u0107enosti sajta i dostupne su jedino administratoru\u00a0www.inkluzivnagalerija.rs\/en sajta.<\/p>\n<h2>Kako mi koristimo kola\u010di\u0107e i IP adrese<\/h2>\n<p>www.inkluzivnagalerija.rs\/en sajt koristi male tekstualne datoteke koje se nazivaju kola\u010di\u0107i (engl. cookies) da bi sa\u010duvao informacije na Va\u0161em veb pregleda\u010du. Informacije mogu da uklju\u010duju sesije identifikacija, HTTPS informacije, kao i IP adrese.<\/p>\n<p>Mo\u017eete da podesite svoj veb pregleda\u010d da ne prima kola\u010di\u0107e, ali to mo\u017ee ograni\u010diti sposobnost da u potpunosti koristite www.inkluzivnagalerija.rs\/en sajt.<\/p>\n<p>IP adrese ra\u010dunara koji se koriste za posetu www.inkluzivnagalerija.rs\/en sajta \u010duvaju se u na\u0161oj bazi podataka. Ovo uklju\u010duje obavljanje bilo koje akcije koja rezultira da se podaci prenose sa Va\u0161eg ra\u010dunara na veb sajt ili obratno.<\/p>\n<p>Va\u0161a IP adresa nije vidljiva javnosti u bilo kom trenutku.<\/p>\n<h2>Linkovi ka drugim sajtovima<\/h2>\n<p>www.inkluzivnagalerija.rs\/en sajt mo\u017ee sadr\u017eati linkove ka drugim spoljnim sajtovima (npr. www.facebook.com, www.instagram.com\/ i sl).<br \/>\nwww.inkluzivnagalerija.rs\/en sajt nema kontrolu nad spoljnim sajtovima, tako da klikom na bilo koju vezu koja rezultira posetu drugom sajtu prestaje va\u017eenja ove politike privatnosti i www.inkluzivnagalerija.rs\/en sajt ne mo\u017ee biti odgovoran za za\u0161titu privatnosti bilo koje informacije koje ste nam dostavili tokom posete tim sajtovima.<\/p>\n<h2>Kontrolisanje li\u010dnih informacija<\/h2>\n<p>www.inkluzivnagalerija.rs\/en sajt ne\u0107e prodavati, distribuirati ili izdavati Va\u0161e li\u010dne podatke tre\u0107im licima, osim u slu\u010daju ako imamo Va\u0161u izri\u010ditu saglasnost ili ako nas na to obavezuju zakonske norme. Mi mo\u017eemo koristiti Va\u0161e li\u010dne podatke da vam po\u0161aljemo obave\u0161tenja o programima, novostima i promenama na sajtu ili druge informacije koje se odnose na www.inkluzivnagalerija.rs\/en.<\/p>\n<\/div><\/section>\n","protected":false},"excerpt":{"rendered":"","protected":false},"author":1,"featured_media":0,"parent":0,"menu_order":0,"comment_status":"closed","ping_status":"closed","template":"","meta":{"footnotes":""},"categories":[],"tags":[],"class_list":["post-3","page","type-page","status-publish","hentry"],"yoast_head":"<!-- This site is optimized with the Yoast SEO plugin v26.4 - https:\/\/yoast.com\/wordpress\/plugins\/seo\/ -->\n<title>Privacy Policy - Inclusive Gallery<\/title>\n<meta name=\"robots\" content=\"index, follow, max-snippet:-1, max-image-preview:large, max-video-preview:-1\" \/>\n<link rel=\"canonical\" href=\"https:\/\/www.inkluzivnagalerija.rs\/en\/privacy-policy\/\" \/>\n<meta property=\"og:locale\" content=\"en_US\" \/>\n<meta property=\"og:type\" content=\"article\" \/>\n<meta property=\"og:title\" content=\"Privacy Policy - Inclusive Gallery\" \/>\n<meta property=\"og:url\" content=\"https:\/\/www.inkluzivnagalerija.rs\/en\/privacy-policy\/\" \/>\n<meta property=\"og:site_name\" content=\"Inclusive Gallery\" \/>\n<meta property=\"article:modified_time\" content=\"2019-02-11T15:02:15+00:00\" \/>\n<meta name=\"twitter:card\" content=\"summary_large_image\" \/>\n<meta name=\"twitter:label1\" content=\"Est. reading time\" \/>\n\t<meta name=\"twitter:data1\" content=\"5 minutes\" \/>\n<script type=\"application\/ld+json\" class=\"yoast-schema-graph\">{\"@context\":\"https:\/\/schema.org\",\"@graph\":[{\"@type\":\"WebPage\",\"@id\":\"https:\/\/www.inkluzivnagalerija.rs\/en\/privacy-policy\/\",\"url\":\"https:\/\/www.inkluzivnagalerija.rs\/en\/privacy-policy\/\",\"name\":\"Privacy Policy - Inclusive Gallery\",\"isPartOf\":{\"@id\":\"https:\/\/www.inkluzivnagalerija.rs\/en\/#website\"},\"datePublished\":\"2018-09-28T06:42:24+00:00\",\"dateModified\":\"2019-02-11T15:02:15+00:00\",\"breadcrumb\":{\"@id\":\"https:\/\/www.inkluzivnagalerija.rs\/en\/privacy-policy\/#breadcrumb\"},\"inLanguage\":\"en-US\",\"potentialAction\":[{\"@type\":\"ReadAction\",\"target\":[\"https:\/\/www.inkluzivnagalerija.rs\/en\/privacy-policy\/\"]}]},{\"@type\":\"BreadcrumbList\",\"@id\":\"https:\/\/www.inkluzivnagalerija.rs\/en\/privacy-policy\/#breadcrumb\",\"itemListElement\":[{\"@type\":\"ListItem\",\"position\":1,\"name\":\"Home\",\"item\":\"https:\/\/www.inkluzivnagalerija.rs\/en\/inclusive-gallery-and-accessible-gallery-spaces-and-facilities\/\"},{\"@type\":\"ListItem\",\"position\":2,\"name\":\"Privacy Policy\"}]},{\"@type\":\"WebSite\",\"@id\":\"https:\/\/www.inkluzivnagalerija.rs\/en\/#website\",\"url\":\"https:\/\/www.inkluzivnagalerija.rs\/en\/\",\"name\":\"Inclusive Gallery\",\"description\":\"Broader accessibility to contemporary art for people with disabilities\",\"potentialAction\":[{\"@type\":\"SearchAction\",\"target\":{\"@type\":\"EntryPoint\",\"urlTemplate\":\"https:\/\/www.inkluzivnagalerija.rs\/en\/?s={search_term_string}\"},\"query-input\":{\"@type\":\"PropertyValueSpecification\",\"valueRequired\":true,\"valueName\":\"search_term_string\"}}],\"inLanguage\":\"en-US\"}]}<\/script>\n<!-- \/ Yoast SEO plugin. -->","yoast_head_json":{"title":"Privacy Policy - Inclusive Gallery","robots":{"index":"index","follow":"follow","max-snippet":"max-snippet:-1","max-image-preview":"max-image-preview:large","max-video-preview":"max-video-preview:-1"},"canonical":"https:\/\/www.inkluzivnagalerija.rs\/en\/privacy-policy\/","og_locale":"en_US","og_type":"article","og_title":"Privacy Policy - Inclusive Gallery","og_url":"https:\/\/www.inkluzivnagalerija.rs\/en\/privacy-policy\/","og_site_name":"Inclusive Gallery","article_modified_time":"2019-02-11T15:02:15+00:00","twitter_card":"summary_large_image","twitter_misc":{"Est. reading time":"5 minutes"},"schema":{"@context":"https:\/\/schema.org","@graph":[{"@type":"WebPage","@id":"https:\/\/www.inkluzivnagalerija.rs\/en\/privacy-policy\/","url":"https:\/\/www.inkluzivnagalerija.rs\/en\/privacy-policy\/","name":"Privacy Policy - Inclusive Gallery","isPartOf":{"@id":"https:\/\/www.inkluzivnagalerija.rs\/en\/#website"},"datePublished":"2018-09-28T06:42:24+00:00","dateModified":"2019-02-11T15:02:15+00:00","breadcrumb":{"@id":"https:\/\/www.inkluzivnagalerija.rs\/en\/privacy-policy\/#breadcrumb"},"inLanguage":"en-US","potentialAction":[{"@type":"ReadAction","target":["https:\/\/www.inkluzivnagalerija.rs\/en\/privacy-policy\/"]}]},{"@type":"BreadcrumbList","@id":"https:\/\/www.inkluzivnagalerija.rs\/en\/privacy-policy\/#breadcrumb","itemListElement":[{"@type":"ListItem","position":1,"name":"Home","item":"https:\/\/www.inkluzivnagalerija.rs\/en\/inclusive-gallery-and-accessible-gallery-spaces-and-facilities\/"},{"@type":"ListItem","position":2,"name":"Privacy Policy"}]},{"@type":"WebSite","@id":"https:\/\/www.inkluzivnagalerija.rs\/en\/#website","url":"https:\/\/www.inkluzivnagalerija.rs\/en\/","name":"Inclusive Gallery","description":"Broader accessibility to contemporary art for people with disabilities","potentialAction":[{"@type":"SearchAction","target":{"@type":"EntryPoint","urlTemplate":"https:\/\/www.inkluzivnagalerija.rs\/en\/?s={search_term_string}"},"query-input":{"@type":"PropertyValueSpecification","valueRequired":true,"valueName":"search_term_string"}}],"inLanguage":"en-US"}]}},"_links":{"self":[{"href":"https:\/\/www.inkluzivnagalerija.rs\/en\/wp-json\/wp\/v2\/pages\/3","targetHints":{"allow":["GET"]}}],"collection":[{"href":"https:\/\/www.inkluzivnagalerija.rs\/en\/wp-json\/wp\/v2\/pages"}],"about":[{"href":"https:\/\/www.inkluzivnagalerija.rs\/en\/wp-json\/wp\/v2\/types\/page"}],"author":[{"embeddable":true,"href":"https:\/\/www.inkluzivnagalerija.rs\/en\/wp-json\/wp\/v2\/users\/1"}],"replies":[{"embeddable":true,"href":"https:\/\/www.inkluzivnagalerija.rs\/en\/wp-json\/wp\/v2\/comments?post=3"}],"version-history":[{"count":5,"href":"https:\/\/www.inkluzivnagalerija.rs\/en\/wp-json\/wp\/v2\/pages\/3\/revisions"}],"predecessor-version":[{"id":536,"href":"https:\/\/www.inkluzivnagalerija.rs\/en\/wp-json\/wp\/v2\/pages\/3\/revisions\/536"}],"wp:attachment":[{"href":"https:\/\/www.inkluzivnagalerija.rs\/en\/wp-json\/wp\/v2\/media?parent=3"}],"wp:term":[{"taxonomy":"category","embeddable":true,"href":"https:\/\/www.inkluzivnagalerija.rs\/en\/wp-json\/wp\/v2\/categories?post=3"},{"taxonomy":"post_tag","embeddable":true,"href":"https:\/\/www.inkluzivnagalerija.rs\/en\/wp-json\/wp\/v2\/tags?post=3"}],"curies":[{"name":"wp","href":"https:\/\/api.w.org\/{rel}","templated":true}]}}